{"id":2308,"date":"2018-12-04T15:58:41","date_gmt":"2018-12-04T15:58:41","guid":{"rendered":"https:\/\/dentiste-quaz-2-bleu.templates-dental-web.fr\/?page_id=2308"},"modified":"2024-09-03T14:43:44","modified_gmt":"2024-09-03T12:43:44","slug":"7-cles-de-reussite","status":"publish","type":"page","link":"https:\/\/selarl-cabinetdentaireglobal.chirurgiens-dentistes.fr\/en\/7-cles-de-reussite\/","title":{"rendered":"Les 7 cl\u00e9s de la r\u00e9ussite"},"content":{"rendered":"<p>[et_pb_section fb_built=\u00a0\u00bb1&Prime; _builder_version=\u00a0\u00bb3.19.4&Prime;][et_pb_row _builder_version=\u00a0\u00bb3.19.4&Prime;][et_pb_column type=\u00a0\u00bb4_4&Prime; _builder_version=\u00a0\u00bb3.19.4&Prime;][et_pb_text _builder_version=\u00a0\u00bb3.19.4&Prime; ol_font=\u00a0\u00bbNunito||||||||\u00a0\u00bb header_3_font=\u00a0\u00bbOswald||||||||\u00a0\u00bb header_3_font_size=\u00a0\u00bb32px\u00a0\u00bb]<\/p>\n<h3>LES 7 CL\u00c9S DE LA R\u00c9USSITE<\/h3>\n<ol>\n<li><strong><span style=\"color: #018ce3;\">La coop\u00e9ration<\/span><\/strong><\/li>\n<\/ol>\n<p>La r\u00e9ussite d\u2019un traitement d\u2019orthodontie passe en premier lieu par une bonne coop\u00e9ration entre le patient et son orthodontiste. C\u2019est de l\u2019\u00e9coute, l\u2019entente, et le respect des engagements de chacun dont d\u00e9pend la r\u00e9ussite du traitement, et son efficacit\u00e9.<\/p>\n<ol start=\"2\">\n<li><strong><span style=\"color: #018ce3;\">Le brossage<\/span><\/strong><\/li>\n<\/ol>\n<p>Les d\u00e9placements dentaires s\u2019op\u00e8rent plus facilement dans une bouche saine et bien entretenue\u2026 et pour se faire, l\u2019hygi\u00e8ne bucco-dentaire du patient doit \u00eatre irr\u00e9prochable\u00a0! L\u2019orthodontiste veillera \u00e0 donner les bons conseils de brossage, qui seront \u00e0 appliquer une fois rentr\u00e9 \u00e0 la maison. Un brossage insuffisant risquerait de faire apparaitre des traces de d\u00e9calcification irr\u00e9versibles une fois l\u2019appareil retir\u00e9, ou de provoquer des infections gingivales qui r\u00e9duiront les d\u00e9placements dentaires.<\/p>\n<ol start=\"3\">\n<li><strong><span style=\"color: #018ce3;\">Les visites chez le dentiste\u00a0<\/span><\/strong><\/li>\n<\/ol>\n<p>Rendre visite r\u00e9guli\u00e8rement \u00e0 son orthodontiste ne permet pas de faire l\u2019impasse sur les rendez-vous chez le chirurgien-dentiste g\u00e9n\u00e9raliste. En effet, lui seul est \u00e0 m\u00eame de v\u00e9rifier l\u2019\u00e9tat de sant\u00e9 global de la bouche, de pr\u00e9venir les caries, les maladies gingivales, ou encore de faire les nettoyages et d\u00e9tartrages indispensables lors du port d\u2019un appareil dentaire. Il est recommand\u00e9 de s\u2019y rendre au minimum 1 \u00e0 2 fois par an pour un suivi r\u00e9gulier.<\/p>\n<ol start=\"4\">\n<li><strong><span style=\"color: #018ce3;\">Une alimentation ad\u00e9quate\u00a0<\/span><\/strong><\/li>\n<\/ol>\n<p>Le port d\u2019un appareil dentaire sugg\u00e8re une di\u00e8te particuli\u00e8re, afin d\u2019\u00e9viter tout risque de brisure d\u2019appareil ou du fil orthodontique. Ainsi, tandis que certains aliments sont \u00e0 proscrire tout simplement, tels que les aliments collants ou trop durs, d\u2019autres sont \u00e0 manger de fa\u00e7on diff\u00e9rente, comme la pomme qu\u2019il faudra au pr\u00e9alable d\u00e9couper avant de pouvoir d\u00e9guster, au lieu de la croquer \u00e0 pleines dents.<\/p>\n<p>Il faudra \u00e9galement limiter un maximum l\u2019alimentation sucr\u00e9e, comme les bonbons, boissons sucr\u00e9es, car elle ab\u00eeme l\u2019\u00e9mail dentaire et est responsable de nombreuses caries.<\/p>\n<ol start=\"5\">\n<li><span style=\"color: #018ce3;\"><strong>Prendre soin de son appareil<\/strong>\u00a0<\/span><\/li>\n<\/ol>\n<p>Les ajustements alimentaires pr\u00e9sent\u00e9s ci-dessus permettent \u00e9galement d\u2019assurer une bonne long\u00e9vit\u00e9 de l\u2019appareil dentaire et \u00e9viter qu\u2019il ne se casse. En plus de ces pr\u00e9cautions, il faudra \u00e9viter au maximum certaines mauvaises\u00a0 habitudes, particuli\u00e8rement nocives\u00a0: ronger ses ongles, mordre des crayons et autres fournitures scolaires, ou encore essayer de d\u00e9couper ou casser quelque chose \u00e0 l\u2019aide de ses dents.<\/p>\n<p>Toute casse devra \u00eatre r\u00e9par\u00e9e rapidement au cabinet, et cela pourrait augmenter la dur\u00e9e globale du traitement.<\/p>\n<ol start=\"6\">\n<li><span style=\"color: #018ce3;\"><strong>Les accessoires<\/strong>\u00a0<\/span><\/li>\n<\/ol>\n<p>En plus de l\u2019appareil dentaire, certains accessoires peuvent \u00eatre prescrits, tels que des appareils amovibles, des appareils de force extra-orale ou encore des \u00e9lastiques \u00e0 installer en bouche. Lorsque non port\u00e9s, ces accessoires remettent totalement en cause l\u2019efficacit\u00e9 du traitement, et peuvent allonger de fa\u00e7on significative la dur\u00e9e du traitement. Il est donc indispensable de les porter de la fa\u00e7on dont votre orthodontiste l\u2019a prescrit.<\/p>\n<ol start=\"7\">\n<li><strong><span style=\"color: #018ce3;\">Les rendez-vous\u00a0<\/span><\/strong><\/li>\n<\/ol>\n<p>Tout au long du traitement, de nombreux rendez-vous seront planifi\u00e9s avec l\u2019orthodontiste, afin de suivre la progression, et de faire les ajustements n\u00e9cessaires au fur et \u00e0 mesure des d\u00e9placements dentaires. Pour assurer un suivi efficace, il convient de respecter scrupuleusement ces rendez-vous. Pour le cabinet, il n\u2019est pas forc\u00e9ment ais\u00e9 de d\u00e9placer ou reprogrammer rapidement un rendez-vous manqu\u00e9, ce qui pourra induire des retards dans le traitement et donc un allongement de la dur\u00e9e finale.<\/p>\n<p>[\/et_pb_text][\/et_pb_column][\/et_pb_row][\/et_pb_section][et_pb_section fb_built=\u00a0\u00bb1&Prime; fullwidth=\u00a0\u00bbon\u00a0\u00bb _builder_version=\u00a0\u00bb3.19.18&Prime; custom_padding=\u00a0\u00bb0|0px|0px|0px|false|false\u00a0\u00bb disabled_on=\u00a0\u00bbon|on|off\u00a0\u00bb][et_pb_fullwidth_code _builder_version=\u00a0\u00bb3.19.4&Prime;]<a href=\"javascript:history.go(-1)\"> <img decoding=\"async\" class=\"reset\" src=\"https:\/\/selarl-cabinetdentaireglobal.chirurgiens-dentistes.fr\/wp-content\/uploads\/2024\/07\/retour-arrowFichier-1.svg\" ><\/a>[\/et_pb_fullwidth_code][\/et_pb_section]<\/p>\n","protected":false},"excerpt":{"rendered":"<p>LES 7 CL\u00c9S DE LA R\u00c9USSITE La coop\u00e9ration La r\u00e9ussite d\u2019un traitement d\u2019orthodontie passe en premier lieu par une bonne coop\u00e9ration entre le patient et son orthodontiste. C\u2019est de l\u2019\u00e9coute, l\u2019entente, et le respect des engagements de chacun dont d\u00e9pend la r\u00e9ussite du traitement, et son efficacit\u00e9. Le brossage Les d\u00e9placements dentaires s\u2019op\u00e8rent plus facilement [&hellip;]<\/p>\n","protected":false},"author":1,"featured_media":0,"parent":0,"menu_order":0,"comment_status":"closed","ping_status":"closed","template":"","meta":{"_et_pb_use_builder":"on","_et_pb_old_content":"","_et_gb_content_width":"","footnotes":""},"class_list":["post-2308","page","type-page","status-publish","hentry"],"yoast_head":"<!-- This site is optimized with the Yoast SEO plugin v26.9 - https:\/\/yoast.com\/product\/yoast-seo-wordpress\/ -->\n<title>Les sept cl\u00e9s de la r\u00e9ussite d&#039;un traitement d&#039;orthodontie - Docteur NOM \u00e0 VILLE<\/title>\n<meta name=\"description\" content=\"Le Docteur NOM PRENOM vous donne les sept cl\u00e9s de la r\u00e9ussite pour un bon d\u00e9roulement de votre traitement d&#039;orthodontie\" \/>\n<meta name=\"robots\" content=\"noindex, follow, max-snippet:-1, max-image-preview:large, max-video-preview:-1\" \/>\n<meta property=\"og:locale\" content=\"fr_FR\" \/>\n<meta property=\"og:type\" content=\"article\" \/>\n<meta property=\"og:title\" content=\"Les sept cl\u00e9s de la r\u00e9ussite d&#039;un traitement d&#039;orthodontie - Docteur NOM \u00e0 VILLE\" \/>\n<meta property=\"og:description\" content=\"Le Docteur NOM PRENOM vous donne les sept cl\u00e9s de la r\u00e9ussite pour un bon d\u00e9roulement de votre traitement d&#039;orthodontie\" \/>\n<meta property=\"og:url\" content=\"https:\/\/selarl-cabinetdentaireglobal.chirurgiens-dentistes.fr\/en\/7-cles-de-reussite\/\" \/>\n<meta property=\"og:site_name\" content=\"Cabinet Dentaire Global\" \/>\n<meta property=\"article:modified_time\" content=\"2024-09-03T12:43:44+00:00\" \/>\n<meta property=\"og:image\" content=\"https:\/\/selarl-cabinetdentaireglobal.chirurgiens-dentistes.fr\/wp-content\/uploads\/2024\/07\/retour-arrowFichier-1.svg\" \/>\n<meta name=\"twitter:card\" content=\"summary_large_image\" \/>\n<meta name=\"twitter:label1\" content=\"Dur\u00e9e de lecture estim\u00e9e\" \/>\n\t<meta name=\"twitter:data1\" content=\"3 minutes\" \/>\n<script type=\"application\/ld+json\" class=\"yoast-schema-graph\">{\"@context\":\"https:\/\/schema.org\",\"@graph\":[{\"@type\":\"WebPage\",\"@id\":\"https:\/\/selarl-cabinetdentaireglobal.chirurgiens-dentistes.fr\/en\/7-cles-de-reussite\/\",\"url\":\"https:\/\/selarl-cabinetdentaireglobal.chirurgiens-dentistes.fr\/en\/7-cles-de-reussite\/\",\"name\":\"Les sept cl\u00e9s de la r\u00e9ussite d'un traitement d'orthodontie - Docteur NOM \u00e0 VILLE\",\"isPartOf\":{\"@id\":\"https:\/\/selarl-cabinetdentaireglobal.chirurgiens-dentistes.fr\/en\/#website\"},\"primaryImageOfPage\":{\"@id\":\"https:\/\/selarl-cabinetdentaireglobal.chirurgiens-dentistes.fr\/en\/7-cles-de-reussite\/#primaryimage\"},\"image\":{\"@id\":\"https:\/\/selarl-cabinetdentaireglobal.chirurgiens-dentistes.fr\/en\/7-cles-de-reussite\/#primaryimage\"},\"thumbnailUrl\":\"https:\/\/selarl-cabinetdentaireglobal.chirurgiens-dentistes.fr\/wp-content\/uploads\/2024\/07\/retour-arrowFichier-1.svg\",\"datePublished\":\"2018-12-04T15:58:41+00:00\",\"dateModified\":\"2024-09-03T12:43:44+00:00\",\"description\":\"Le Docteur NOM PRENOM vous donne les sept cl\u00e9s de la r\u00e9ussite pour un bon d\u00e9roulement de votre traitement d'orthodontie\",\"breadcrumb\":{\"@id\":\"https:\/\/selarl-cabinetdentaireglobal.chirurgiens-dentistes.fr\/en\/7-cles-de-reussite\/#breadcrumb\"},\"inLanguage\":\"fr-FR\",\"potentialAction\":[{\"@type\":\"ReadAction\",\"target\":[\"https:\/\/selarl-cabinetdentaireglobal.chirurgiens-dentistes.fr\/en\/7-cles-de-reussite\/\"]}]},{\"@type\":\"ImageObject\",\"inLanguage\":\"fr-FR\",\"@id\":\"https:\/\/selarl-cabinetdentaireglobal.chirurgiens-dentistes.fr\/en\/7-cles-de-reussite\/#primaryimage\",\"url\":\"https:\/\/selarl-cabinetdentaireglobal.chirurgiens-dentistes.fr\/wp-content\/uploads\/2024\/07\/retour-arrowFichier-1.svg\",\"contentUrl\":\"https:\/\/selarl-cabinetdentaireglobal.chirurgiens-dentistes.fr\/wp-content\/uploads\/2024\/07\/retour-arrowFichier-1.svg\"},{\"@type\":\"BreadcrumbList\",\"@id\":\"https:\/\/selarl-cabinetdentaireglobal.chirurgiens-dentistes.fr\/en\/7-cles-de-reussite\/#breadcrumb\",\"itemListElement\":[{\"@type\":\"ListItem\",\"position\":1,\"name\":\"Accueil\",\"item\":\"https:\/\/selarl-cabinetdentaireglobal.chirurgiens-dentistes.fr\/en\/\"},{\"@type\":\"ListItem\",\"position\":2,\"name\":\"Les 7 cl\u00e9s de la r\u00e9ussite\"}]},{\"@type\":\"WebSite\",\"@id\":\"https:\/\/selarl-cabinetdentaireglobal.chirurgiens-dentistes.fr\/en\/#website\",\"url\":\"https:\/\/selarl-cabinetdentaireglobal.chirurgiens-dentistes.fr\/en\/\",\"name\":\"Cabinet Dentaire Global\",\"description\":\"\",\"potentialAction\":[{\"@type\":\"SearchAction\",\"target\":{\"@type\":\"EntryPoint\",\"urlTemplate\":\"https:\/\/selarl-cabinetdentaireglobal.chirurgiens-dentistes.fr\/en\/?s={search_term_string}\"},\"query-input\":{\"@type\":\"PropertyValueSpecification\",\"valueRequired\":true,\"valueName\":\"search_term_string\"}}],\"inLanguage\":\"fr-FR\"}]}<\/script>\n<!-- \/ Yoast SEO plugin. -->","yoast_head_json":{"title":"Les sept cl\u00e9s de la r\u00e9ussite d'un traitement d'orthodontie - Docteur NOM \u00e0 VILLE","description":"Le Docteur NOM PRENOM vous donne les sept cl\u00e9s de la r\u00e9ussite pour un bon d\u00e9roulement de votre traitement d'orthodontie","robots":{"index":"noindex","follow":"follow","max-snippet":"max-snippet:-1","max-image-preview":"max-image-preview:large","max-video-preview":"max-video-preview:-1"},"og_locale":"fr_FR","og_type":"article","og_title":"Les sept cl\u00e9s de la r\u00e9ussite d'un traitement d'orthodontie - Docteur NOM \u00e0 VILLE","og_description":"Le Docteur NOM PRENOM vous donne les sept cl\u00e9s de la r\u00e9ussite pour un bon d\u00e9roulement de votre traitement d'orthodontie","og_url":"https:\/\/selarl-cabinetdentaireglobal.chirurgiens-dentistes.fr\/en\/7-cles-de-reussite\/","og_site_name":"Cabinet Dentaire Global","article_modified_time":"2024-09-03T12:43:44+00:00","og_image":[{"url":"https:\/\/selarl-cabinetdentaireglobal.chirurgiens-dentistes.fr\/wp-content\/uploads\/2024\/07\/retour-arrowFichier-1.svg","type":"","width":"","height":""}],"twitter_card":"summary_large_image","twitter_misc":{"Dur\u00e9e de lecture estim\u00e9e":"3 minutes"},"schema":{"@context":"https:\/\/schema.org","@graph":[{"@type":"WebPage","@id":"https:\/\/selarl-cabinetdentaireglobal.chirurgiens-dentistes.fr\/en\/7-cles-de-reussite\/","url":"https:\/\/selarl-cabinetdentaireglobal.chirurgiens-dentistes.fr\/en\/7-cles-de-reussite\/","name":"Les sept cl\u00e9s de la r\u00e9ussite d'un traitement d'orthodontie - Docteur NOM \u00e0 VILLE","isPartOf":{"@id":"https:\/\/selarl-cabinetdentaireglobal.chirurgiens-dentistes.fr\/en\/#website"},"primaryImageOfPage":{"@id":"https:\/\/selarl-cabinetdentaireglobal.chirurgiens-dentistes.fr\/en\/7-cles-de-reussite\/#primaryimage"},"image":{"@id":"https:\/\/selarl-cabinetdentaireglobal.chirurgiens-dentistes.fr\/en\/7-cles-de-reussite\/#primaryimage"},"thumbnailUrl":"https:\/\/selarl-cabinetdentaireglobal.chirurgiens-dentistes.fr\/wp-content\/uploads\/2024\/07\/retour-arrowFichier-1.svg","datePublished":"2018-12-04T15:58:41+00:00","dateModified":"2024-09-03T12:43:44+00:00","description":"Le Docteur NOM PRENOM vous donne les sept cl\u00e9s de la r\u00e9ussite pour un bon d\u00e9roulement de votre traitement d'orthodontie","breadcrumb":{"@id":"https:\/\/selarl-cabinetdentaireglobal.chirurgiens-dentistes.fr\/en\/7-cles-de-reussite\/#breadcrumb"},"inLanguage":"fr-FR","potentialAction":[{"@type":"ReadAction","target":["https:\/\/selarl-cabinetdentaireglobal.chirurgiens-dentistes.fr\/en\/7-cles-de-reussite\/"]}]},{"@type":"ImageObject","inLanguage":"fr-FR","@id":"https:\/\/selarl-cabinetdentaireglobal.chirurgiens-dentistes.fr\/en\/7-cles-de-reussite\/#primaryimage","url":"https:\/\/selarl-cabinetdentaireglobal.chirurgiens-dentistes.fr\/wp-content\/uploads\/2024\/07\/retour-arrowFichier-1.svg","contentUrl":"https:\/\/selarl-cabinetdentaireglobal.chirurgiens-dentistes.fr\/wp-content\/uploads\/2024\/07\/retour-arrowFichier-1.svg"},{"@type":"BreadcrumbList","@id":"https:\/\/selarl-cabinetdentaireglobal.chirurgiens-dentistes.fr\/en\/7-cles-de-reussite\/#breadcrumb","itemListElement":[{"@type":"ListItem","position":1,"name":"Accueil","item":"https:\/\/selarl-cabinetdentaireglobal.chirurgiens-dentistes.fr\/en\/"},{"@type":"ListItem","position":2,"name":"Les 7 cl\u00e9s de la r\u00e9ussite"}]},{"@type":"WebSite","@id":"https:\/\/selarl-cabinetdentaireglobal.chirurgiens-dentistes.fr\/en\/#website","url":"https:\/\/selarl-cabinetdentaireglobal.chirurgiens-dentistes.fr\/en\/","name":"Cabinet Dentaire Global","description":"","potentialAction":[{"@type":"SearchAction","target":{"@type":"EntryPoint","urlTemplate":"https:\/\/selarl-cabinetdentaireglobal.chirurgiens-dentistes.fr\/en\/?s={search_term_string}"},"query-input":{"@type":"PropertyValueSpecification","valueRequired":true,"valueName":"search_term_string"}}],"inLanguage":"fr-FR"}]}},"_links":{"self":[{"href":"https:\/\/selarl-cabinetdentaireglobal.chirurgiens-dentistes.fr\/en\/wp-json\/wp\/v2\/pages\/2308","targetHints":{"allow":["GET"]}}],"collection":[{"href":"https:\/\/selarl-cabinetdentaireglobal.chirurgiens-dentistes.fr\/en\/wp-json\/wp\/v2\/pages"}],"about":[{"href":"https:\/\/selarl-cabinetdentaireglobal.chirurgiens-dentistes.fr\/en\/wp-json\/wp\/v2\/types\/page"}],"author":[{"embeddable":true,"href":"https:\/\/selarl-cabinetdentaireglobal.chirurgiens-dentistes.fr\/en\/wp-json\/wp\/v2\/users\/1"}],"replies":[{"embeddable":true,"href":"https:\/\/selarl-cabinetdentaireglobal.chirurgiens-dentistes.fr\/en\/wp-json\/wp\/v2\/comments?post=2308"}],"version-history":[{"count":4,"href":"https:\/\/selarl-cabinetdentaireglobal.chirurgiens-dentistes.fr\/en\/wp-json\/wp\/v2\/pages\/2308\/revisions"}],"predecessor-version":[{"id":4382,"href":"https:\/\/selarl-cabinetdentaireglobal.chirurgiens-dentistes.fr\/en\/wp-json\/wp\/v2\/pages\/2308\/revisions\/4382"}],"wp:attachment":[{"href":"https:\/\/selarl-cabinetdentaireglobal.chirurgiens-dentistes.fr\/en\/wp-json\/wp\/v2\/media?parent=2308"}],"curies":[{"name":"wp","href":"https:\/\/api.w.org\/{rel}","templated":true}]}}